{"id":5273,"date":"2023-03-08T17:23:41","date_gmt":"2023-03-08T16:23:41","guid":{"rendered":"http:\/\/lisdorf.de\/?page_id=5273"},"modified":"2026-01-23T22:31:08","modified_gmt":"2026-01-23T21:31:08","slug":"saalbelegung-lisdorf","status":"publish","type":"page","link":"https:\/\/lisdorf.de\/?page_id=5273","title":{"rendered":"Saalbelegung Lisdorf"},"content":{"rendered":"<p class=\"ds-markdown-paragraph\"><strong>F\u00fcr die Raumbelegung im LisDorfHaus muss vom jeweiligen Verein eine Zugangsberechtigung vorliegen.<\/strong><\/p>\n<p class=\"ds-markdown-paragraph\"><strong>Achtung!<\/strong> Eingetragene Termine k\u00f6nnen nur durch den Administrator gel\u00f6scht oder ge\u00e4ndert werden. Bei einem Fehleintrag, f\u00fcr Korrekturen oder zur L\u00f6schung eines Termins wenden Sie sich bitte per E-Mail an <strong>info@lisdorf.de<\/strong> oder an <strong>Herbert Germann<\/strong>. Ein neuer Termin kann sofort eingetragen werden.<\/p>\n<p class=\"ds-markdown-paragraph\">Sollte ein Termin nicht stattfinden, sorgen Sie bitte daf\u00fcr, dass dieser gel\u00f6scht wird, um die R\u00e4ume anderen zur Verf\u00fcgung zu stellen.<\/p>\n<p class=\"ds-markdown-paragraph\"><strong>Raum\u00fcbersicht:<\/strong><\/p>\n<ul>\n<li>\n<p class=\"ds-markdown-paragraph\"><strong>Saal:<\/strong> Der untere gro\u00dfe Raum.<\/p>\n<\/li>\n<li>\n<p class=\"ds-markdown-paragraph\"><strong>Raum 1:<\/strong> Der erste, kleinere Raum in der 1. Etage \u2013 ideal f\u00fcr Vorstandssitzungen.<\/p>\n<\/li>\n<li>\n<p class=\"ds-markdown-paragraph\"><strong>Raum 2:<\/strong> Der etwas gr\u00f6\u00dfere Raum in der 1. Etage mit Eckfenster.<\/p>\n<\/li>\n<\/ul>\n<p class=\"ds-markdown-paragraph\"><strong>Wichtige Hinweise:<\/strong><\/p>\n<ol start=\"1\">\n<li>\n<p class=\"ds-markdown-paragraph\">In der <strong>gesamten 1. Etage<\/strong> d\u00fcrfen sich aus Brandschutzgr\u00fcnden nicht mehr als <strong>15 Personen gleichzeitig<\/strong> aufhalten. Bitte ber\u00fccksichtigen Sie dies bei der Buchung.<\/p>\n<\/li>\n<li>\n<p class=\"ds-markdown-paragraph\">Sollte bereits eine Buchung eines anderen Vereins f\u00fcr Raum 1 oder 2 eingetragen sein, beachten Sie bitte die dort angegebene Personenzahl im Gesamtkontext der Etage.<\/p>\n<\/li>\n<li>\n<p class=\"ds-markdown-paragraph\">Die <strong>2. Etage ist nicht buchbar<\/strong>.<\/p>\n<p><a href=\"https:\/\/kalender.digital\/cf07a138a9feab24c8e9\">Kalender Ansicht<\/a><\/li>\n<\/ol>\n","protected":false},"excerpt":{"rendered":"<p>F\u00fcr die Raumbelegung im LisDorfHaus muss vom jeweiligen Verein eine Zugangsberechtigung vorliegen. Achtung! Eingetragene Termine k\u00f6nnen nur durch den Administrator gel\u00f6scht oder ge\u00e4ndert werden. Bei einem Fehleintrag, f\u00fcr Korrekturen oder &hellip; <a href=\"https:\/\/lisdorf.de\/?page_id=5273\" class=\"more-link\"><span class=\"screen-reader-text\">Saalbelegung Lisdorf<\/span> weiterlesen <span class=\"meta-nav\">&rarr;<\/span><\/a><\/p>\n","protected":false},"author":1,"featured_media":0,"parent":0,"menu_order":0,"comment_status":"closed","ping_status":"closed","template":"","meta":{"footnotes":""},"class_list":["post-5273","page","type-page","status-publish","hentry"],"jetpack_sharing_enabled":true,"_links":{"self":[{"href":"https:\/\/lisdorf.de\/index.php?rest_route=\/wp\/v2\/pages\/5273","targetHints":{"allow":["GET"]}}],"collection":[{"href":"https:\/\/lisdorf.de\/index.php?rest_route=\/wp\/v2\/pages"}],"about":[{"href":"https:\/\/lisdorf.de\/index.php?rest_route=\/wp\/v2\/types\/page"}],"author":[{"embeddable":true,"href":"https:\/\/lisdorf.de\/index.php?rest_route=\/wp\/v2\/users\/1"}],"replies":[{"embeddable":true,"href":"https:\/\/lisdorf.de\/index.php?rest_route=%2Fwp%2Fv2%2Fcomments&post=5273"}],"version-history":[{"count":35,"href":"https:\/\/lisdorf.de\/index.php?rest_route=\/wp\/v2\/pages\/5273\/revisions"}],"predecessor-version":[{"id":6427,"href":"https:\/\/lisdorf.de\/index.php?rest_route=\/wp\/v2\/pages\/5273\/revisions\/6427"}],"wp:attachment":[{"href":"https:\/\/lisdorf.de\/index.php?rest_route=%2Fwp%2Fv2%2Fmedia&parent=5273"}],"curies":[{"name":"wp","href":"https:\/\/api.w.org\/{rel}","templated":true}]}}