{"id":418,"date":"2015-02-27T22:22:38","date_gmt":"2015-02-27T21:22:38","guid":{"rendered":"http:\/\/lisdorf.de\/?page_id=418"},"modified":"2015-03-13T14:58:49","modified_gmt":"2015-03-13T13:58:49","slug":"rubrikenarbeitskreise","status":"publish","type":"page","link":"https:\/\/lisdorf.de\/?page_id=418","title":{"rendered":"Themen"},"content":{"rendered":"<p>In dieser Rubrik finden Sie Informationen \u00fcber Aktivit\u00e4ten der Mitglieder, Veranstaltungen und Arbeitskreise von &#8222;Lisdorf &#8230; alles im gr\u00fcnen Bereich&#8220;.<\/p>\n<p>Viel Spa\u00df beim St\u00f6bern.<\/p>\n<h3><span style=\"color: #008000;\"><em>\u00dcbrigens, schon gewusst???<\/em><\/span><\/h3>\n<p>Zur 1100 Jahrfeier in Lisdorf wurde eigens eine Briefmarke gedruckt. Diese hat Seltenheitswert, da nur ca. 350 St\u00fcck hergestellt wurden. Nur ganz wenige sind uns bekannt als Sammlerst\u00fccke. Ungestempelt gibt es noch etwa 19 Briefmarken. Vielleicht hat ja noch jemand einen Briefumschlag von der 1100 Jahrfeier als Erinnerung. Gut aufbewahren.<\/p>\n<p><a href=\"https:\/\/lisdorf.de\/wp-content\/uploads\/2015\/02\/Bild-2.jpg\"><img loading=\"lazy\" decoding=\"async\" class=\"alignnone size-medium wp-image-466\" src=\"https:\/\/lisdorf.de\/wp-content\/uploads\/2015\/02\/Bild-2-300x160.jpg\" alt=\"Bild 2\" width=\"300\" height=\"160\" srcset=\"https:\/\/lisdorf.de\/wp-content\/uploads\/2015\/02\/Bild-2-300x160.jpg 300w, https:\/\/lisdorf.de\/wp-content\/uploads\/2015\/02\/Bild-2-510x272.jpg 510w, https:\/\/lisdorf.de\/wp-content\/uploads\/2015\/02\/Bild-2.jpg 706w\" sizes=\"auto, (max-width: 300px) 100vw, 300px\" \/><\/a><\/p>\n<p>&nbsp;<\/p>\n","protected":false},"excerpt":{"rendered":"<p>In dieser Rubrik finden Sie Informationen \u00fcber Aktivit\u00e4ten der Mitglieder, Veranstaltungen und Arbeitskreise von &#8222;Lisdorf &#8230; alles im gr\u00fcnen Bereich&#8220;. Viel Spa\u00df beim St\u00f6bern. \u00dcbrigens, schon gewusst??? Zur 1100 Jahrfeier &hellip; <a href=\"https:\/\/lisdorf.de\/?page_id=418\" class=\"more-link\"><span class=\"screen-reader-text\">Themen<\/span> weiterlesen <span class=\"meta-nav\">&rarr;<\/span><\/a><\/p>\n","protected":false},"author":1,"featured_media":0,"parent":0,"menu_order":0,"comment_status":"closed","ping_status":"open","template":"","meta":{"footnotes":""},"class_list":["post-418","page","type-page","status-publish","hentry"],"jetpack_sharing_enabled":true,"_links":{"self":[{"href":"https:\/\/lisdorf.de\/index.php?rest_route=\/wp\/v2\/pages\/418","targetHints":{"allow":["GET"]}}],"collection":[{"href":"https:\/\/lisdorf.de\/index.php?rest_route=\/wp\/v2\/pages"}],"about":[{"href":"https:\/\/lisdorf.de\/index.php?rest_route=\/wp\/v2\/types\/page"}],"author":[{"embeddable":true,"href":"https:\/\/lisdorf.de\/index.php?rest_route=\/wp\/v2\/users\/1"}],"replies":[{"embeddable":true,"href":"https:\/\/lisdorf.de\/index.php?rest_route=%2Fwp%2Fv2%2Fcomments&post=418"}],"version-history":[{"count":9,"href":"https:\/\/lisdorf.de\/index.php?rest_route=\/wp\/v2\/pages\/418\/revisions"}],"predecessor-version":[{"id":471,"href":"https:\/\/lisdorf.de\/index.php?rest_route=\/wp\/v2\/pages\/418\/revisions\/471"}],"wp:attachment":[{"href":"https:\/\/lisdorf.de\/index.php?rest_route=%2Fwp%2Fv2%2Fmedia&parent=418"}],"curies":[{"name":"wp","href":"https:\/\/api.w.org\/{rel}","templated":true}]}}