{"id":3421,"date":"2019-09-01T18:44:55","date_gmt":"2019-09-01T16:44:55","guid":{"rendered":"http:\/\/lisdorf.de\/?page_id=3421"},"modified":"2019-10-20T21:03:47","modified_gmt":"2019-10-20T19:03:47","slug":"sv-1929-lisdorf-feiert-jubilaeum","status":"publish","type":"page","link":"https:\/\/lisdorf.de\/?page_id=3421","title":{"rendered":"SV 1929 Lisdorf feiert Jubil\u00e4um!"},"content":{"rendered":"<p>Am 13. und 14. September feiert der SV Lisdorf sein 90-j\u00e4hriges Jubil\u00e4um auf der Heimspielst\u00e4tte im Rosenthal. Anbei ein Auszug aus der Chronik:<\/p>\n<p>Die Bev\u00f6lkerung wird schrumpfen, sie wird \u00e4lter und kulturell unterschiedlicher. Deshalb stellt sich auch f\u00fcr Sportvereine wie Fu\u00dfball die Frage nach dem Umgang mit der Bev\u00f6lkerungsentwicklung.<\/p>\n<p>Wie sind die Interessen der Kinder und Jugendlichen in einer \u00e4lter werdenden Gesellschaft am besten zu vertreten? Braucht es eine Attraktivit\u00e4tssteigerung? Gleichzeitig erscheint eine ganz neue Klientel in den Sportvereinen. Nie zuvor waren die Alten so jung wie heute, nie zuvor war deren Anteil an der Gesellschaft so hoch wie jetzt. [&#8230;] Sportvereine, die in der Krise auch eine Chance sehen, werden zum gesellschaftlichen Mittelpunkt ganzer Gemeinden. \u00dcber 1000 Jahre nach Gr\u00fcndung des Ortes existierte im Jahre 1919 erstmals ein Fu\u00dfballverein in Lisdorf mit dem Namen &#8222;Wacker Lisdorf&#8220;. Aber schon drei Jahre sp\u00e4ter musste der Spielbetrieb wieder eingestellt werden. Der 12. Juli 1929 wurde dann f\u00fcr den Verein zum Gr\u00fcndungsjahr. Unvergessen bleiben die &#8222;Drei\u00dfiger Jahre&#8220; der beiden sporttreibenden Vereine DJK und SV. Es gr\u00fcndete sich auch eine Damenmannschaft.<\/p>\n<p>Nach dem 2. Weltkrieg begann ein neuer Abschnitt der Vereinsgeschichte. Handball und Fu\u00dfball wurden zu einem Verein unter dem Namen SSC Saargold Lisdorf zusammengefasst.<\/p>\n<p>Erstmals wurde 1947 auf dem Sportplatz an der Saarbr\u00fccke Fu\u00dfball gespielt, danach entstand 1952\/53 eine neue Sportanlage &#8222;Im Rosenthal&#8220;. Handball und Fu\u00dfball wurden lange Jahre auf dem Sportplatz gespielt.<\/p>\n<p>Es folgten viele H\u00f6hepunkte der Vereinsgeschichte, die von Reinhold Rupp chronologisch zusammengefasst wurden.<\/p>\n<p>-Anbei die Chronik-<\/p>\n<p><a href=\"https:\/\/lisdorf.de\/wp-content\/uploads\/2019\/09\/65645911_356021148445263_6604959101887709184_n.jpg\"><img loading=\"lazy\" decoding=\"async\" class=\"alignnone size-medium wp-image-3422\" src=\"https:\/\/lisdorf.de\/wp-content\/uploads\/2019\/09\/65645911_356021148445263_6604959101887709184_n-235x300.jpg\" alt=\"\" width=\"235\" height=\"300\" srcset=\"https:\/\/lisdorf.de\/wp-content\/uploads\/2019\/09\/65645911_356021148445263_6604959101887709184_n-235x300.jpg 235w, https:\/\/lisdorf.de\/wp-content\/uploads\/2019\/09\/65645911_356021148445263_6604959101887709184_n-300x383.jpg 300w, https:\/\/lisdorf.de\/wp-content\/uploads\/2019\/09\/65645911_356021148445263_6604959101887709184_n.jpg 480w\" sizes=\"auto, (max-width: 235px) 100vw, 235px\" \/><\/a><\/p>\n","protected":false},"excerpt":{"rendered":"<p>Am 13. und 14. September feiert der SV Lisdorf sein 90-j\u00e4hriges Jubil\u00e4um auf der Heimspielst\u00e4tte im Rosenthal. Anbei ein Auszug aus der Chronik: Die Bev\u00f6lkerung wird schrumpfen, sie wird \u00e4lter &hellip; <a href=\"https:\/\/lisdorf.de\/?page_id=3421\" class=\"more-link\"><span class=\"screen-reader-text\">SV 1929 Lisdorf feiert Jubil\u00e4um!<\/span> weiterlesen <span class=\"meta-nav\">&rarr;<\/span><\/a><\/p>\n","protected":false},"author":19,"featured_media":0,"parent":3081,"menu_order":0,"comment_status":"closed","ping_status":"closed","template":"","meta":{"footnotes":""},"class_list":["post-3421","page","type-page","status-publish","hentry"],"jetpack_sharing_enabled":true,"_links":{"self":[{"href":"https:\/\/lisdorf.de\/index.php?rest_route=\/wp\/v2\/pages\/3421","targetHints":{"allow":["GET"]}}],"collection":[{"href":"https:\/\/lisdorf.de\/index.php?rest_route=\/wp\/v2\/pages"}],"about":[{"href":"https:\/\/lisdorf.de\/index.php?rest_route=\/wp\/v2\/types\/page"}],"author":[{"embeddable":true,"href":"https:\/\/lisdorf.de\/index.php?rest_route=\/wp\/v2\/users\/19"}],"replies":[{"embeddable":true,"href":"https:\/\/lisdorf.de\/index.php?rest_route=%2Fwp%2Fv2%2Fcomments&post=3421"}],"version-history":[{"count":1,"href":"https:\/\/lisdorf.de\/index.php?rest_route=\/wp\/v2\/pages\/3421\/revisions"}],"predecessor-version":[{"id":3423,"href":"https:\/\/lisdorf.de\/index.php?rest_route=\/wp\/v2\/pages\/3421\/revisions\/3423"}],"up":[{"embeddable":true,"href":"https:\/\/lisdorf.de\/index.php?rest_route=\/wp\/v2\/pages\/3081"}],"wp:attachment":[{"href":"https:\/\/lisdorf.de\/index.php?rest_route=%2Fwp%2Fv2%2Fmedia&parent=3421"}],"curies":[{"name":"wp","href":"https:\/\/api.w.org\/{rel}","templated":true}]}}