{"id":3081,"date":"2019-06-05T15:59:03","date_gmt":"2019-06-05T13:59:03","guid":{"rendered":"http:\/\/lisdorf.de\/?page_id=3081"},"modified":"2025-03-01T09:09:06","modified_gmt":"2025-03-01T08:09:06","slug":"sv-1929-fussball","status":"publish","type":"page","link":"https:\/\/lisdorf.de\/?page_id=3081","title":{"rendered":"SV 1929 Fussballverein"},"content":{"rendered":"<p>&nbsp;<\/p>\n<p><strong><em>Steckbrief Lisdorfer Vereine <\/em><\/strong><strong><em>(Mitglied bei Lisdorf \u2026 alles im gr\u00fcnen Bereich)<br \/>\n<a href=\"https:\/\/lisdorf.de\/wp-content\/uploads\/2019\/06\/SV1929-Logo2.jpg\"><img loading=\"lazy\" decoding=\"async\" class=\"alignnone size-full wp-image-3089\" src=\"https:\/\/lisdorf.de\/wp-content\/uploads\/2019\/06\/SV1929-Logo2.jpg\" alt=\"\" width=\"171\" height=\"171\" srcset=\"https:\/\/lisdorf.de\/wp-content\/uploads\/2019\/06\/SV1929-Logo2.jpg 171w, https:\/\/lisdorf.de\/wp-content\/uploads\/2019\/06\/SV1929-Logo2-150x150.jpg 150w, https:\/\/lisdorf.de\/wp-content\/uploads\/2019\/06\/SV1929-Logo2-100x100.jpg 100w\" sizes=\"auto, (max-width: 171px) 100vw, 171px\" \/><\/a><br \/>\n<\/em><\/strong><\/p>\n<figure id=\"attachment_2637\" class=\"wp-caption aligncenter\" aria-describedby=\"caption-attachment-2637\"><figcaption id=\"caption-attachment-2637\" class=\"wp-caption-text\">Logo SV 1929 Lisdorf<\/figcaption><\/figure>\n<p><strong>Name:\u00a0 SV 1929 Lisdorf e.V.<br \/>\n<\/strong><\/p>\n<p><strong>Gegr\u00fcndet:<\/strong> <strong>1929<\/strong><\/p>\n<p><strong>Vereinsfarben: gr\u00fcn-wei\u00df<\/strong><\/p>\n<p><strong>Spielst\u00e4tte: Sportplatz Rosenthal (Naturrasen)<br \/>\n<\/strong><strong>66740 Saarlouis-Lisdorf<\/strong><\/p>\n<p><strong>Vorsitzender: Marco G\u00f6rgen\u00a0 <\/strong><\/p>\n<p><strong>Spielklasse Herren: <\/strong><strong>Kreisliga A Saar (2024\/2025)<\/strong><\/p>\n<p><strong>Trainer: <\/strong><strong>Marco G\u00f6rgen<\/strong><\/p>\n<p><strong>Jugendmannschaften:<\/strong><\/p>\n<p><strong>2xE, 1xD, 2xC.<\/strong><\/p>\n<p><a href=\"https:\/\/lisdorf.de\/wp-content\/uploads\/2025\/03\/Mitgliedsformular-SV.pdf\">Mitgliedsformular SV<\/a><\/p>\n<p><a href=\"https:\/\/lisdorf.de\/wp-content\/uploads\/2025\/03\/SV-Lisdorf-1.pdf\">SV Lisdorf 1<\/a> Spielerlaubnis usw.<\/p>\n<p>&nbsp;<\/p>\n<p>&nbsp;<\/p>\n<p>&nbsp;<\/p>\n","protected":false},"excerpt":{"rendered":"<p>&nbsp; Steckbrief Lisdorfer Vereine (Mitglied bei Lisdorf \u2026 alles im gr\u00fcnen Bereich) Logo SV 1929 Lisdorf Name:\u00a0 SV 1929 Lisdorf e.V. Gegr\u00fcndet: 1929 Vereinsfarben: gr\u00fcn-wei\u00df Spielst\u00e4tte: Sportplatz Rosenthal (Naturrasen) 66740 &hellip; <a href=\"https:\/\/lisdorf.de\/?page_id=3081\" class=\"more-link\"><span class=\"screen-reader-text\">SV 1929 Fussballverein<\/span> weiterlesen <span class=\"meta-nav\">&rarr;<\/span><\/a><\/p>\n","protected":false},"author":19,"featured_media":0,"parent":6007,"menu_order":0,"comment_status":"closed","ping_status":"closed","template":"","meta":{"footnotes":""},"class_list":["post-3081","page","type-page","status-publish","hentry"],"jetpack_sharing_enabled":true,"_links":{"self":[{"href":"https:\/\/lisdorf.de\/index.php?rest_route=\/wp\/v2\/pages\/3081","targetHints":{"allow":["GET"]}}],"collection":[{"href":"https:\/\/lisdorf.de\/index.php?rest_route=\/wp\/v2\/pages"}],"about":[{"href":"https:\/\/lisdorf.de\/index.php?rest_route=\/wp\/v2\/types\/page"}],"author":[{"embeddable":true,"href":"https:\/\/lisdorf.de\/index.php?rest_route=\/wp\/v2\/users\/19"}],"replies":[{"embeddable":true,"href":"https:\/\/lisdorf.de\/index.php?rest_route=%2Fwp%2Fv2%2Fcomments&post=3081"}],"version-history":[{"count":15,"href":"https:\/\/lisdorf.de\/index.php?rest_route=\/wp\/v2\/pages\/3081\/revisions"}],"predecessor-version":[{"id":6060,"href":"https:\/\/lisdorf.de\/index.php?rest_route=\/wp\/v2\/pages\/3081\/revisions\/6060"}],"up":[{"embeddable":true,"href":"https:\/\/lisdorf.de\/index.php?rest_route=\/wp\/v2\/pages\/6007"}],"wp:attachment":[{"href":"https:\/\/lisdorf.de\/index.php?rest_route=%2Fwp%2Fv2%2Fmedia&parent=3081"}],"curies":[{"name":"wp","href":"https:\/\/api.w.org\/{rel}","templated":true}]}}