{"id":2398,"date":"2018-12-04T20:14:12","date_gmt":"2018-12-04T19:14:12","guid":{"rendered":"http:\/\/lisdorf.de\/?page_id=2398"},"modified":"2019-07-25T09:33:12","modified_gmt":"2019-07-25T07:33:12","slug":"brandschutzerziehung-und-aufklaerung","status":"publish","type":"page","link":"https:\/\/lisdorf.de\/?page_id=2398","title":{"rendered":"Brandschutzerziehung- und Aufkl\u00e4rung"},"content":{"rendered":"<h3><strong>Vorschulkinder mit Feuereifer dabei<\/strong><\/h3>\n<figure id=\"attachment_3211\" aria-describedby=\"caption-attachment-3211\" style=\"width: 1040px\" class=\"wp-caption aligncenter\"><a href=\"https:\/\/lisdorf.de\/wp-content\/uploads\/2019\/06\/Fahrzeuge.jpg\"><img loading=\"lazy\" decoding=\"async\" class=\"size-full wp-image-3211\" src=\"https:\/\/lisdorf.de\/wp-content\/uploads\/2019\/06\/Fahrzeuge.jpg\" alt=\"\" width=\"1040\" height=\"780\" srcset=\"https:\/\/lisdorf.de\/wp-content\/uploads\/2019\/06\/Fahrzeuge.jpg 1040w, https:\/\/lisdorf.de\/wp-content\/uploads\/2019\/06\/Fahrzeuge-300x225.jpg 300w, https:\/\/lisdorf.de\/wp-content\/uploads\/2019\/06\/Fahrzeuge-768x576.jpg 768w, https:\/\/lisdorf.de\/wp-content\/uploads\/2019\/06\/Fahrzeuge-510x383.jpg 510w\" sizes=\"auto, (max-width: 1040px) 100vw, 1040px\" \/><\/a><figcaption id=\"caption-attachment-3211\" class=\"wp-caption-text\">Fahrzeugaufstellung\u00a0 Feuerwehr Lisdorf<\/figcaption><\/figure>\n<p>Im Rahmen der Brandschutzerziehung besuchten am Mittwoch, den 05. Juni, vierundzwanzig Vorschulkinder und zwei Erzieherinnen des Kindergarten \u201eHerz Jesu\u201c, die Feuerwache Lisdorf.<\/p>\n<p>In zwei Gruppen geteilt, konnten sie sich die Kinder einen Teil der Feuerwache ansehen. Neben der ganz modernen Ausr\u00fcstung von heute, konnten sie sich auch die alten Pumpen und Schlauchwagen, aus l\u00e4ngst vergangener Zeit anschauen. Mit vielen Fragen zeigten sie reges Interesse an der Geschichte der Feuerwehr.<\/p>\n<p>Einmal in einem Feuerwehrauto oder Rettungsboot zu sitzen, war f\u00fcr die wissbegierigen Besucher sehr aufregend und faszinierend. Nach einer kleinen St\u00e4rkungspause ging es dann mit Feuereifer weiter.<\/p>\n<p>Auch bereits erlerntes, aus dem Besuch der Brandschutzerzieher im Kindergarten, wie zum Beispiel: \u201eeinen Notruf abzusetzen\u201c, wurde zwischendurch wieder besprochen, und somit weiter gefestigt.<\/p>\n<p>Bei den Hochsommerlichen Temperaturen durften auch Spiel und Spa\u00df nicht zu kurz kommen.<\/p>\n<p>Nach dem Absichern der Stra\u00dfe, dem Setzen eines Standrohres und dem Aufbau einer Wasserversorgung, konnten schlie\u00dflich die Kinder mit den eigens von den Brandschutzerziehern selbst gebauten Minifeuerwehrautos, kleine Wettrennen fahren.<\/p>\n<p>Das Spritzen mit dem Feuerwehrschlauch und das Erklettern der Boote und gro\u00dfen Feuerwehrautos, waren absolute H\u00f6hepunkte des Tages.<\/p>\n<p>Auch den Kameraden der Brandschutzerziehung und Kinderfeuerwehr waren begeistert, mit welcher Lebensfreude und Interessen die Kinder bei der Sache waren. F\u00fcr ein paar Stunden konnten sie den manchmal eher nicht so sch\u00f6nen Feuerwehralltag vergessen.<\/p>\n<p>Mit dem Versprechen wieder kommen zu wollen, verabschiedeten sich schlie\u00dflich die zuk\u00fcnftigen Schulkinder von ihrer Feuerwehr.<\/p>\n<p>Wir sagen \u201eDanke\u201c f\u00fcr diese sch\u00f6nen Stunden und freuen uns auf unsere n\u00e4chsten Treffen.<\/p>\n<div id='gallery-1' class='gallery galleryid-2398 gallery-columns-3 gallery-size-thumbnail'><figure class='gallery-item'>\n\t\t\t<div class='gallery-icon portrait'>\n\t\t\t\t<a href='https:\/\/lisdorf.de\/?attachment_id=3212'><img loading=\"lazy\" decoding=\"async\" width=\"150\" height=\"150\" src=\"https:\/\/lisdorf.de\/wp-content\/uploads\/2019\/06\/Ger\u00e4tekunde-150x150.jpg\" class=\"attachment-thumbnail size-thumbnail\" alt=\"\" aria-describedby=\"gallery-1-3212\" srcset=\"https:\/\/lisdorf.de\/wp-content\/uploads\/2019\/06\/Ger\u00e4tekunde-150x150.jpg 150w, https:\/\/lisdorf.de\/wp-content\/uploads\/2019\/06\/Ger\u00e4tekunde-100x100.jpg 100w\" sizes=\"auto, (max-width: 150px) 100vw, 150px\" \/><\/a>\n\t\t\t<\/div>\n\t\t\t\t<figcaption class='wp-caption-text gallery-caption' id='gallery-1-3212'>\n\t\t\t\tGer\u00e4tekunde HLF\n\t\t\t\t<\/figcaption><\/figure><figure class='gallery-item'>\n\t\t\t<div class='gallery-icon landscape'>\n\t\t\t\t<a href='https:\/\/lisdorf.de\/?attachment_id=3213'><img loading=\"lazy\" decoding=\"async\" width=\"150\" height=\"150\" src=\"https:\/\/lisdorf.de\/wp-content\/uploads\/2019\/06\/Kleine-St\u00e4rkungspause-150x150.jpg\" class=\"attachment-thumbnail size-thumbnail\" alt=\"\" aria-describedby=\"gallery-1-3213\" srcset=\"https:\/\/lisdorf.de\/wp-content\/uploads\/2019\/06\/Kleine-St\u00e4rkungspause-150x150.jpg 150w, https:\/\/lisdorf.de\/wp-content\/uploads\/2019\/06\/Kleine-St\u00e4rkungspause-100x100.jpg 100w\" sizes=\"auto, (max-width: 150px) 100vw, 150px\" \/><\/a>\n\t\t\t<\/div>\n\t\t\t\t<figcaption class='wp-caption-text gallery-caption' id='gallery-1-3213'>\n\t\t\t\tSt\u00e4rkungspause\n\t\t\t\t<\/figcaption><\/figure><figure class='gallery-item'>\n\t\t\t<div class='gallery-icon portrait'>\n\t\t\t\t<a href='https:\/\/lisdorf.de\/?attachment_id=3217'><img loading=\"lazy\" decoding=\"async\" width=\"150\" height=\"150\" src=\"https:\/\/lisdorf.de\/wp-content\/uploads\/2019\/06\/Spa\u00df4-150x150.jpg\" class=\"attachment-thumbnail size-thumbnail\" alt=\"\" aria-describedby=\"gallery-1-3217\" srcset=\"https:\/\/lisdorf.de\/wp-content\/uploads\/2019\/06\/Spa\u00df4-150x150.jpg 150w, https:\/\/lisdorf.de\/wp-content\/uploads\/2019\/06\/Spa\u00df4-100x100.jpg 100w\" sizes=\"auto, (max-width: 150px) 100vw, 150px\" \/><\/a>\n\t\t\t<\/div>\n\t\t\t\t<figcaption class='wp-caption-text gallery-caption' id='gallery-1-3217'>\n\t\t\t\tSpiel  und Spa\u00df\n\t\t\t\t<\/figcaption><\/figure><figure class='gallery-item'>\n\t\t\t<div class='gallery-icon portrait'>\n\t\t\t\t<a href='https:\/\/lisdorf.de\/?attachment_id=3218'><img loading=\"lazy\" decoding=\"async\" width=\"150\" height=\"150\" src=\"https:\/\/lisdorf.de\/wp-content\/uploads\/2019\/06\/Spa\u00df5-150x150.jpg\" class=\"attachment-thumbnail size-thumbnail\" alt=\"\" aria-describedby=\"gallery-1-3218\" srcset=\"https:\/\/lisdorf.de\/wp-content\/uploads\/2019\/06\/Spa\u00df5-150x150.jpg 150w, https:\/\/lisdorf.de\/wp-content\/uploads\/2019\/06\/Spa\u00df5-100x100.jpg 100w\" sizes=\"auto, (max-width: 150px) 100vw, 150px\" \/><\/a>\n\t\t\t<\/div>\n\t\t\t\t<figcaption class='wp-caption-text gallery-caption' id='gallery-1-3218'>\n\t\t\t\tSpiel und Spa\u00df\n\t\t\t\t<\/figcaption><\/figure><figure class='gallery-item'>\n\t\t\t<div class='gallery-icon portrait'>\n\t\t\t\t<a href='https:\/\/lisdorf.de\/?attachment_id=3214'><img loading=\"lazy\" decoding=\"async\" width=\"150\" height=\"150\" src=\"https:\/\/lisdorf.de\/wp-content\/uploads\/2019\/06\/Spa\u00df1-150x150.jpg\" class=\"attachment-thumbnail size-thumbnail\" alt=\"\" aria-describedby=\"gallery-1-3214\" srcset=\"https:\/\/lisdorf.de\/wp-content\/uploads\/2019\/06\/Spa\u00df1-150x150.jpg 150w, https:\/\/lisdorf.de\/wp-content\/uploads\/2019\/06\/Spa\u00df1-100x100.jpg 100w\" sizes=\"auto, (max-width: 150px) 100vw, 150px\" \/><\/a>\n\t\t\t<\/div>\n\t\t\t\t<figcaption class='wp-caption-text gallery-caption' id='gallery-1-3214'>\n\t\t\t\tSpiel und Spa\u00df\n\t\t\t\t<\/figcaption><\/figure><figure class='gallery-item'>\n\t\t\t<div class='gallery-icon portrait'>\n\t\t\t\t<a href='https:\/\/lisdorf.de\/?attachment_id=3216'><img loading=\"lazy\" decoding=\"async\" width=\"150\" height=\"150\" src=\"https:\/\/lisdorf.de\/wp-content\/uploads\/2019\/06\/Spa\u00df3-150x150.jpg\" class=\"attachment-thumbnail size-thumbnail\" alt=\"\" aria-describedby=\"gallery-1-3216\" srcset=\"https:\/\/lisdorf.de\/wp-content\/uploads\/2019\/06\/Spa\u00df3-150x150.jpg 150w, https:\/\/lisdorf.de\/wp-content\/uploads\/2019\/06\/Spa\u00df3-100x100.jpg 100w\" sizes=\"auto, (max-width: 150px) 100vw, 150px\" \/><\/a>\n\t\t\t<\/div>\n\t\t\t\t<figcaption class='wp-caption-text gallery-caption' id='gallery-1-3216'>\n\t\t\t\tWasserspiele\n\t\t\t\t<\/figcaption><\/figure>\n\t\t<\/div>\n\n<p>(Fotogenehmigung vom Kindergarten erhalten)<\/p>\n<p><a href=\"https:\/\/www.kita-saar.de\/unsere-einrichtungen\/unsere-einrichtungen\/landkreis-saarlouis\/saarlouis\/herz-jesu-lisdorf\/\">https:\/\/www.kita-saar.de\/unsere-einrichtungen\/unsere-einrichtungen\/landkreis-saarlouis\/saarlouis\/herz-jesu-lisdorf\/<\/a><\/p>\n<h3><a href=\"https:\/\/lisdorf.de\/wp-content\/uploads\/2019\/01\/Trennlinie.png\"><img loading=\"lazy\" decoding=\"async\" class=\"aligncenter size-full wp-image-2641\" src=\"https:\/\/lisdorf.de\/wp-content\/uploads\/2019\/01\/Trennlinie.png\" alt=\"\" width=\"640\" height=\"51\" srcset=\"https:\/\/lisdorf.de\/wp-content\/uploads\/2019\/01\/Trennlinie.png 640w, https:\/\/lisdorf.de\/wp-content\/uploads\/2019\/01\/Trennlinie-300x24.png 300w, https:\/\/lisdorf.de\/wp-content\/uploads\/2019\/01\/Trennlinie-510x41.png 510w\" sizes=\"auto, (max-width: 640px) 100vw, 640px\" \/><\/a><\/h3>\n<h3>Die Feuerwehr informiert:<\/h3>\n<p>DFV-Pressedienst Presseinformation Nr. 67\/2018 vom 26. November 2018 Feuerwehr gibt Tipps zur Sicherheit im Advent Unachtsamkeit im Umgang mit Kerzen ist h\u00e4ufige Ursache f\u00fcr Br\u00e4nde<\/p>\n<figure id=\"attachment_2309\" aria-describedby=\"caption-attachment-2309\" style=\"width: 406px\" class=\"wp-caption aligncenter\"><a href=\"https:\/\/lisdorf.de\/wp-content\/uploads\/2018\/11\/Logo-Bunt-DFV-Helm-mit-Schrift.jpg\"><img loading=\"lazy\" decoding=\"async\" class=\" wp-image-2309\" src=\"https:\/\/lisdorf.de\/wp-content\/uploads\/2018\/11\/Logo-Bunt-DFV-Helm-mit-Schrift.jpg\" alt=\"DFV Logo\" width=\"406\" height=\"162\" srcset=\"https:\/\/lisdorf.de\/wp-content\/uploads\/2018\/11\/Logo-Bunt-DFV-Helm-mit-Schrift.jpg 790w, https:\/\/lisdorf.de\/wp-content\/uploads\/2018\/11\/Logo-Bunt-DFV-Helm-mit-Schrift-300x120.jpg 300w, https:\/\/lisdorf.de\/wp-content\/uploads\/2018\/11\/Logo-Bunt-DFV-Helm-mit-Schrift-768x306.jpg 768w, https:\/\/lisdorf.de\/wp-content\/uploads\/2018\/11\/Logo-Bunt-DFV-Helm-mit-Schrift-510x203.jpg 510w\" sizes=\"auto, (max-width: 406px) 100vw, 406px\" \/><\/a><figcaption id=\"caption-attachment-2309\" class=\"wp-caption-text\">Deutscher Feuerwehr Verband<\/figcaption><\/figure>\n<p>Berlin \u2013 Flackernde Lichter verbreiten in der dunklen Jahreszeit besinnliche Stimmung in der Wohnung. Wenn jedoch aus dem romantischen Kerzenschein ein richtiges Feuer wird, ist es ganz schnell aus mit der Besinnlichkeit. Die Feuerwehren appellieren an die Umsicht der B\u00fcrger, Feuergefahren zu minimieren: \u201eJedes Jahr ereignen sich in Deutschland in der Adventszeit zahlreiche folgenschwere Br\u00e4nde, die durch den sorgsameren Umgang mit Kerzen vermieden werden k\u00f6nnten\u201c, erkl\u00e4rt Frank Hachemer, Vizepr\u00e4sident des Deutschen Feuerwehrverbandes (DFV). Die Feuerwehren in Deutschland informieren zu diesem ersten Adventswochenende \u00fcber die Brandrisiken in der Vorweihnachtszeit. \u201eUnachtsamkeit etwa beim Umgang mit dem Adventskranz ist in dieser Zeit eine der h\u00e4ufigsten Ursachen f\u00fcr Wohnungsbr\u00e4nde\u201c, sagt Hachemer. <strong>\u00a0<\/strong><strong>Sieben einfache Tipps der Feuerwehr helfen, Br\u00e4nde zu verhindern:<\/strong><\/p>\n<ul>\n<li><strong>Kerzen geh\u00f6ren immer in eine standfeste, nicht brennbare Halterung.<\/strong><\/li>\n<li><strong>Stellen Sie Kerzen nicht in der N\u00e4he von brennbaren Gegenst\u00e4nden oder an einem Ort mit starker Zugluft auf.<\/strong><\/li>\n<li><strong>Lassen Sie Kerzen niemals unbeaufsichtigt brennen!<\/strong><\/li>\n<li><strong>L\u00f6schen Sie Kerzen an Adventskr\u00e4nzen und Gestecken rechtzeitig, bevor sie ganz heruntergebrannt sind.<\/strong><\/li>\n<li><strong>Tannengr\u00fcn trocknet mit der Zeit aus und ist dann umso leichter entflammbar \u2013 ziehen Sie solche Brandfallen rechtzeitig aus dem Verkehr.<\/strong><\/li>\n<li><strong>In Haushalten mit Kindern sind elektrische Kerzen ratsam. Diese sollten den VDE-Bestimmungen entsprechen.<\/strong><\/li>\n<li><strong>Achten Sie bei elektrischen Lichterketten \u2013 etwa auf dem Balkon \u2013 darauf, dass Steckdosen nicht \u00fcberlastet werden.<\/strong><\/li>\n<\/ul>\n<p>Pressekontakt: Silvia Darmst\u00e4dter, Telefon (030) 28 88 48 8-23, E-Mail darmstaedter@dfv.org, Twitter @FeuerwehrDFV, www.facebook.com\/112willkommen Alle DFV-Presseinformationen finden Sie unter www.feuerwehrverband.de\/presse. <a href=\"http:\/\/www.feuerwehr.saarlouis.de\">http:\/\/www.feuerwehr.saarlouis.de<\/a><\/p>\n","protected":false},"excerpt":{"rendered":"<p>Vorschulkinder mit Feuereifer dabei Im Rahmen der Brandschutzerziehung besuchten am Mittwoch, den 05. Juni, vierundzwanzig Vorschulkinder und zwei Erzieherinnen des Kindergarten \u201eHerz Jesu\u201c, die Feuerwache Lisdorf. In zwei Gruppen geteilt, &hellip; <a href=\"https:\/\/lisdorf.de\/?page_id=2398\" class=\"more-link\"><span class=\"screen-reader-text\">Brandschutzerziehung- und Aufkl\u00e4rung<\/span> weiterlesen <span class=\"meta-nav\">&rarr;<\/span><\/a><\/p>\n","protected":false},"author":17,"featured_media":0,"parent":2345,"menu_order":2,"comment_status":"closed","ping_status":"closed","template":"","meta":{"footnotes":""},"class_list":["post-2398","page","type-page","status-publish","hentry"],"jetpack_sharing_enabled":true,"_links":{"self":[{"href":"https:\/\/lisdorf.de\/index.php?rest_route=\/wp\/v2\/pages\/2398","targetHints":{"allow":["GET"]}}],"collection":[{"href":"https:\/\/lisdorf.de\/index.php?rest_route=\/wp\/v2\/pages"}],"about":[{"href":"https:\/\/lisdorf.de\/index.php?rest_route=\/wp\/v2\/types\/page"}],"author":[{"embeddable":true,"href":"https:\/\/lisdorf.de\/index.php?rest_route=\/wp\/v2\/users\/17"}],"replies":[{"embeddable":true,"href":"https:\/\/lisdorf.de\/index.php?rest_route=%2Fwp%2Fv2%2Fcomments&post=2398"}],"version-history":[{"count":3,"href":"https:\/\/lisdorf.de\/index.php?rest_route=\/wp\/v2\/pages\/2398\/revisions"}],"predecessor-version":[{"id":3344,"href":"https:\/\/lisdorf.de\/index.php?rest_route=\/wp\/v2\/pages\/2398\/revisions\/3344"}],"up":[{"embeddable":true,"href":"https:\/\/lisdorf.de\/index.php?rest_route=\/wp\/v2\/pages\/2345"}],"wp:attachment":[{"href":"https:\/\/lisdorf.de\/index.php?rest_route=%2Fwp%2Fv2%2Fmedia&parent=2398"}],"curies":[{"name":"wp","href":"https:\/\/api.w.org\/{rel}","templated":true}]}}