{"id":213,"date":"2015-01-10T15:55:15","date_gmt":"2015-01-10T14:55:15","guid":{"rendered":"http:\/\/lisdorf.de\/?page_id=213"},"modified":"2015-07-29T23:35:20","modified_gmt":"2015-07-29T21:35:20","slug":"ahnen-in-lisdorf","status":"publish","type":"page","link":"https:\/\/lisdorf.de\/?page_id=213","title":{"rendered":"Ahnen in Lisdorf"},"content":{"rendered":"<p>Auf diesen Seiten k\u00f6nnen Ahnen von verschiedenen Lisdorfer Familien<br \/>\ngesucht werden. Wer Interesse hat an dieser Ahnenforschung mit zu<br \/>\narbeiten oder wer noch Daten erg\u00e4nzen m\u00f6chte, kann dies mit Hilfe von<br \/>\nRudi Germann tun.<\/p>\n<p>Tel\u00a0\u00a0\u00a0\u00a0\u00a0\u00a0\u00a0\u00a0\u00a0\u00a0\u00a0\u00a0\u00a0\u00a0\u00a0\u00a0\u00a0\u00a0\u00a0\u00a0\u00a0\u00a0\u00a0\u00a0 \u00a0 \u00a0 \u00a0 \u00a0 06831-5056030<\/p>\n<p>Mobil\u00a0\u00a0 \u00a0 \u00a0 \u00a0 \u00a0 \u00a0 \u00a0 \u00a0 \u00a0 \u00a0 \u00a0 \u00a0\u00a0 0173 3036245<\/p>\n<p>Fax\u00a0\u00a0\u00a0\u00a0\u00a0\u00a0\u00a0\u00a0\u00a0\u00a0\u00a0\u00a0\u00a0\u00a0\u00a0\u00a0\u00a0\u00a0\u00a0\u00a0\u00a0\u00a0\u00a0\u00a0\u00a0\u00a0\u00a0\u00a0\u00a0\u00a0 06831-5051405<\/p>\n<p>oder per E-Mail\u00a0\u00a0\u00a0 rg(@)lisdorf.de<\/p>\n<p style=\"text-align: center;\"><a href=\"https:\/\/lisdorf.de\/wp-content\/uploads\/2015\/01\/Ahnen.jpg\"><img loading=\"lazy\" decoding=\"async\" class=\" size-medium wp-image-230 aligncenter\" src=\"https:\/\/lisdorf.de\/wp-content\/uploads\/2015\/01\/Ahnen-300x153.jpg\" alt=\"Ahnen\" width=\"300\" height=\"153\" srcset=\"https:\/\/lisdorf.de\/wp-content\/uploads\/2015\/01\/Ahnen-300x153.jpg 300w, https:\/\/lisdorf.de\/wp-content\/uploads\/2015\/01\/Ahnen-510x260.jpg 510w, https:\/\/lisdorf.de\/wp-content\/uploads\/2015\/01\/Ahnen.jpg 763w\" sizes=\"auto, (max-width: 300px) 100vw, 300px\" \/><\/a><\/p>\n<p style=\"text-align: center;\"><strong><a href=\"http:\/\/gw.geneanet.org\/rgermann_w?lang=de&amp;m=N&amp;tri=A&amp;nz=germann&amp;pz=rudolf%252Bfriedrich&amp;ocz=0\" target=\"_blank\">Hier\u00a0 (\u00a0 hier dr\u00fccken\u00a0 )\u00a0 kommt man zum kompletten Stammbaum, Ahnensuche.<\/a><\/strong><\/p>\n<p style=\"text-align: center;\"><a href=\"https:\/\/lisdorf.de\/wp-content\/uploads\/2015\/01\/ahnen-von-lisdorf.png\"><img loading=\"lazy\" decoding=\"async\" class=\"  wp-image-307 aligncenter\" src=\"https:\/\/lisdorf.de\/wp-content\/uploads\/2015\/01\/ahnen-von-lisdorf.png\" alt=\"ahnen von lisdorf\" width=\"165\" height=\"175\" \/><\/a><\/p>\n<div id=\"gedbas-notes\">\n<h2>Notizen zu dieser Person<\/h2>\n<p style=\"text-align: center;\">Die unterschiedlichen Schreibformen der FN sind von den Ortspfarrern gepr\u00e4gt worden, hier: GERMAN(N), GEHRMAN, GERMAHN (ca.1690-1720). Das -NN am Schlu\u00df des FN kommt erst sp\u00e4ter vor. Auf der Kommunikantenliste 1649 sind nur 2 Namenstr\u00e4ger verzeichnet: Jakob u. Maria GERMAN.- C.RUPP-B\u00c4R, Geschlechter zu Stetten (in DEISLER, 131), z\u00e4hlt die GERMANN zu den Reformationsfl\u00fcchtigen.- Nach m\u00fcndl. Familientradition Herkunft aus der Schweiz: viell. aus CH Felben TG oder Berner Oberland(?).- Fr\u00fcher Nachweis des FN im OSB Steinen mit dem Weber Han\u00df GERMAN in H\u00f6llstein mit 2 Ehen u. Kindern von 1614 bis 1626.- Offensichtlich hat in Stetten Jakob GERMANN das Geschlecht w\u00e4hrend des 30j. Krieges begr\u00fcndet, erstmals in den KRech. zwischen 1626 u. 1636 mit Jacob GERMANN erw\u00e4hnt, ab 1625 auch in Inzlingen. Hierzu passt, da\u00df im Berain 1649 Jakob (Jochlin) G. nur je einmal als Censit, Mit-Censit u. 5mal als Anrainer gen. wird. Erst als sp\u00e4tere Zins-Nachfolger erscheinen Jacob u. Hans G. im Berain 1649 mit wachsendem Grundbesitz.- Die Filiation erscheint bei dieser Gro\u00dffamilie durchgehend gesichert, abgesehen von einheiratenden Frauen anderer Geschlechter vom Ort.- Die Ehe Caspar MEIERBERG oo1662 Barbara GERMAN aus CH Baar ZG verzeichnet eine ortsfremde Namenstr\u00e4gerin. Auch ein Stettener Pfarrer Martin GERMAN, um 1661-1665 im Amt, tr\u00e4gt den FN, ohne da\u00df seine Herkunft bekannt w\u00e4re. Auffallend ist die \u00dcbereinstimmung seiner Amtszeit in Stetten mit dem Jahr der gen. Eheschlie\u00dfung, viell. eine famili\u00e4re Beziehung?- 1826 erscheint als Trauzeuge ein Franz GERMANN von Enzlingen[?] Kanton Bern, Schuhmachermeister, wohnhaft in Basel.- Im OSB Inzlingen ebenfalls ein Nachweis fast zeitgleich zu Stetten: Martin GERMAN +7.Okt.1634 Inzlingen an der Pest, oo26.Jan.1631 Inzlingen Eva RUGHART +3.Mrz.1634 Inzlingen, 2 Kinder: Barbara (*1642) u. Johannes (*1634) in Inzlingen. Da die Familie nicht in Inzlingen blieb, viell. Vorl\u00e4ufer der Stettener Familie, deshalb die Inzlinger f\u00fcr Stetten \u00fcbernommen. Au\u00dferdem eine o-o Geburt von 1625 in Inzlingen, die viell. zum ersten Jakob G. von Stetten geh\u00f6rt. cdx \u00dcber ein anderes Geschlecht GERMAN schrieb R\u00fcdiger GERMAN: Die Wundarztfamilie GERMAN im 18. Jh. zwischen dem Raum St.Gallen u. Sch\u00f6nau im Wiesental, in &#8222;Das Markgr\u00e4flerland&#8220;, Bd.1;1998, S.170-181.- Im FN-Register im Staatsarchiv Basel: GERMAN, fr\u00fche Vorkommen in Basel sind von Altenklingen? u. Roggwil (welches?) nachgewiesen. (Chr.M. VORTISCH, 1967-68, 5 Folgen: Markgr\u00e4fler &#8230; in Basler KB im 17.-18.Jh.).- Die Daten f\u00fcr das Geschlecht GERMANN wurden mit C.RUPP-B\u00c4R, Familienbuch Stetten, abgeglichen, u. einige +Daten der Zeit nach 1890 von dort \u00fcbernommen, weil dort auch die Familien des 20.Jh. erfa\u00dft sind. In Anbetracht der fehlenden Elternangaben bei den Ehen vor ca. 1800 hat C.RUPP-B\u00c4R f\u00fcr einige Namenstr\u00e4ger[innen] mit gleichzeitig mehrfach vorkommenden Vornamen eine andere, ebenso m\u00f6gliche Zuordnung gefunden. In Einzelf\u00e4llen wird jene Arbeit hier auch ohne besonderen Hinweis erg\u00e4nzt oder korrigiert.<\/p>\n<\/div>\n<p style=\"text-align: center;\">Zum Bilder vergr\u00f6\u00dfern auf Bild klicken<\/p>\n<p><a href=\"https:\/\/lisdorf.de\/wp-content\/uploads\/2015\/01\/Fam.-Phillip-Klein-24021872.jpg\"><img loading=\"lazy\" decoding=\"async\" class=\" size-medium wp-image-229 aligncenter\" src=\"https:\/\/lisdorf.de\/wp-content\/uploads\/2015\/01\/Fam.-Phillip-Klein-24021872-300x190.jpg\" alt=\"Fam. Phillip Klein 24021872\" width=\"300\" height=\"190\" srcset=\"https:\/\/lisdorf.de\/wp-content\/uploads\/2015\/01\/Fam.-Phillip-Klein-24021872-300x190.jpg 300w, https:\/\/lisdorf.de\/wp-content\/uploads\/2015\/01\/Fam.-Phillip-Klein-24021872.jpg 508w\" sizes=\"auto, (max-width: 300px) 100vw, 300px\" \/><\/a>\u00a0\u00a0\u00a0\u00a0\u00a0\u00a0\u00a0\u00a0\u00a0\u00a0\u00a0\u00a0\u00a0\u00a0\u00a0\u00a0\u00a0\u00a0\u00a0\u00a0\u00a0\u00a0\u00a0\u00a0\u00a0\u00a0\u00a0\u00a0\u00a0\u00a0\u00a0\u00a0\u00a0\u00a0\u00a0\u00a0\u00a0\u00a0 Die Familie Philip Klein um. ca. 1915<\/p>\n<p><a href=\"https:\/\/lisdorf.de\/wp-content\/uploads\/2015\/01\/Gru\u00df-aus-Lisdorf11.jpg\"><img loading=\"lazy\" decoding=\"async\" class=\" size-medium wp-image-267 aligncenter\" src=\"https:\/\/lisdorf.de\/wp-content\/uploads\/2015\/01\/Gru\u00df-aus-Lisdorf11-300x202.jpg\" alt=\"Gru\u00df aus Lisdorf1\" width=\"300\" height=\"202\" \/><\/a><a href=\"https:\/\/lisdorf.de\/wp-content\/uploads\/2015\/01\/postkart03damals-heute11.jpg\"><img loading=\"lazy\" decoding=\"async\" class=\" size-medium wp-image-268 aligncenter\" src=\"https:\/\/lisdorf.de\/wp-content\/uploads\/2015\/01\/postkart03damals-heute11-300x202.jpg\" alt=\"postkart03damals heute1\" width=\"300\" height=\"202\" \/><\/a>\u00a0\u00a0\u00a0\u00a0\u00a0\u00a0\u00a0\u00a0\u00a0\u00a0\u00a0\u00a0\u00a0\u00a0\u00a0\u00a0\u00a0\u00a0\u00a0\u00a0\u00a0\u00a0\u00a0\u00a0\u00a0\u00a0\u00a0\u00a0\u00a0\u00a0\u00a0\u00a0\u00a0\u00a0\u00a0\u00a0\u00a0\u00a0\u00a0\u00a0\u00a0\u00a0\u00a0\u00a0\u00a0\u00a0 \u00a0 \u00a0 Lisdorf damals und heute<\/p>\n<p><a href=\"https:\/\/lisdorf.de\/wp-content\/uploads\/2015\/01\/Lisdorf-Ansicht-10601.jpg\"><img loading=\"lazy\" decoding=\"async\" class=\" size-medium wp-image-269 aligncenter\" src=\"https:\/\/lisdorf.de\/wp-content\/uploads\/2015\/01\/Lisdorf-Ansicht-10601-300x201.jpg\" alt=\"Lisdorf Ansicht 1060\" width=\"300\" height=\"201\" \/>\u00a0<\/a> \u00a0 \u00a0 \u00a0 \u00a0 \u00a0 \u00a0 \u00a0 \u00a0 \u00a0 \u00a0 \u00a0 \u00a0 \u00a0 \u00a0 \u00a0\u00a0 Landwehrkreuz, B\u00fcrgerhof, Br\u00fccke Ensdorf<\/p>\n<p><a href=\"https:\/\/lisdorf.de\/wp-content\/uploads\/2015\/01\/Lisdorf-Ansicht0591.jpg\"><img loading=\"lazy\" decoding=\"async\" class=\" size-medium wp-image-270 aligncenter\" src=\"https:\/\/lisdorf.de\/wp-content\/uploads\/2015\/01\/Lisdorf-Ansicht0591-300x190.jpg\" alt=\"Lisdorf Ansicht059\" width=\"300\" height=\"190\" srcset=\"https:\/\/lisdorf.de\/wp-content\/uploads\/2015\/01\/Lisdorf-Ansicht0591-300x190.jpg 300w, https:\/\/lisdorf.de\/wp-content\/uploads\/2015\/01\/Lisdorf-Ansicht0591-510x323.jpg 510w\" sizes=\"auto, (max-width: 300px) 100vw, 300px\" \/><\/a>\u00a0\u00a0\u00a0\u00a0\u00a0\u00a0\u00a0\u00a0\u00a0\u00a0\u00a0\u00a0\u00a0\u00a0\u00a0\u00a0\u00a0\u00a0\u00a0\u00a0\u00a0\u00a0\u00a0\u00a0 \u00a0\u00a0 \u00a0 Lisdorf-Schule, Gasthaus Schulden (Grasm\u00fcck)<\/p>\n<p><a href=\"https:\/\/lisdorf.de\/wp-content\/uploads\/2015\/01\/Gasthaus-B\u00fcrgerhof-Lisdorf0621.jpg\"><img loading=\"lazy\" decoding=\"async\" class=\" size-medium wp-image-271 aligncenter\" src=\"https:\/\/lisdorf.de\/wp-content\/uploads\/2015\/01\/Gasthaus-B\u00fcrgerhof-Lisdorf0621-300x196.jpg\" alt=\"Gasthaus B\u00fcrgerhof Lisdorf062\" width=\"300\" height=\"196\" srcset=\"https:\/\/lisdorf.de\/wp-content\/uploads\/2015\/01\/Gasthaus-B\u00fcrgerhof-Lisdorf0621-300x196.jpg 300w, https:\/\/lisdorf.de\/wp-content\/uploads\/2015\/01\/Gasthaus-B\u00fcrgerhof-Lisdorf0621-510x333.jpg 510w\" sizes=\"auto, (max-width: 300px) 100vw, 300px\" \/><\/a>\u00a0\u00a0\u00a0\u00a0\u00a0\u00a0\u00a0\u00a0\u00a0\u00a0\u00a0\u00a0\u00a0\u00a0\u00a0\u00a0\u00a0\u00a0\u00a0\u00a0\u00a0\u00a0\u00a0\u00a0\u00a0\u00a0\u00a0\u00a0\u00a0\u00a0\u00a0\u00a0\u00a0\u00a0\u00a0\u00a0\u00a0\u00a0\u00a0\u00a0\u00a0\u00a0\u00a0\u00a0\u00a0\u00a0\u00a0\u00a0\u00a0\u00a0\u00a0\u00a0\u00a0 Gasthaus B\u00fcrgerhof<\/p>\n<p><a href=\"https:\/\/lisdorf.de\/wp-content\/uploads\/2015\/01\/1895-B\u00fcrgermeisteramt-Lisdorf-Ensdorf-Provinzialstr.-21-JJ-1.jpg\"><img loading=\"lazy\" decoding=\"async\" class=\" size-medium wp-image-272 aligncenter\" src=\"https:\/\/lisdorf.de\/wp-content\/uploads\/2015\/01\/1895-B\u00fcrgermeisteramt-Lisdorf-Ensdorf-Provinzialstr.-21-JJ-1-300x197.jpg\" alt=\"1895-B\u00fcrgermeisteramt-Lisdorf-+-Ensdorf-Provinzialstr.-21-JJ-\" width=\"300\" height=\"197\" srcset=\"https:\/\/lisdorf.de\/wp-content\/uploads\/2015\/01\/1895-B\u00fcrgermeisteramt-Lisdorf-Ensdorf-Provinzialstr.-21-JJ-1-300x197.jpg 300w, https:\/\/lisdorf.de\/wp-content\/uploads\/2015\/01\/1895-B\u00fcrgermeisteramt-Lisdorf-Ensdorf-Provinzialstr.-21-JJ-1-510x336.jpg 510w\" sizes=\"auto, (max-width: 300px) 100vw, 300px\" \/><\/a>\u00a0\u00a0 \u00a0\u00a0 \u00a0\u00a0\u00a0\u00a0 Altes Rathaus von Lisdorf und Ensdorf (gegen\u00fcber Gregorius)<\/p>\n<p style=\"text-align: center;\">\u00a0Bom\u00e4schdrei<\/p>\n<p>&nbsp;<\/p>\n<p><a href=\"https:\/\/lisdorf.de\/wp-content\/uploads\/2015\/01\/Lisdorf-Urkunde-m1.jpg\"><img loading=\"lazy\" decoding=\"async\" class=\" size-medium wp-image-283 aligncenter\" src=\"https:\/\/lisdorf.de\/wp-content\/uploads\/2015\/01\/Lisdorf-Urkunde-m1-300x214.jpg\" alt=\"Lisdorf-Urkunde-m1\" width=\"300\" height=\"214\" srcset=\"https:\/\/lisdorf.de\/wp-content\/uploads\/2015\/01\/Lisdorf-Urkunde-m1-300x214.jpg 300w, https:\/\/lisdorf.de\/wp-content\/uploads\/2015\/01\/Lisdorf-Urkunde-m1-510x364.jpg 510w, https:\/\/lisdorf.de\/wp-content\/uploads\/2015\/01\/Lisdorf-Urkunde-m1.jpg 600w\" sizes=\"auto, (max-width: 300px) 100vw, 300px\" \/><\/a>\u00a0\u00a0\u00a0\u00a0\u00a0\u00a0\u00a0\u00a0\u00a0\u00a0\u00a0\u00a0\u00a0\u00a0\u00a0\u00a0\u00a0\u00a0\u00a0\u00a0\u00a0\u00a0\u00a0\u00a0\u00a0\u00a0\u00a0\u00a0\u00a0 911 erster urkundlicher Nachweis von Lisdorf<\/p>\n<p>&nbsp;<\/p>\n<p style=\"text-align: center;\"><a href=\"https:\/\/lisdorf.de\/wp-content\/uploads\/2015\/01\/karneval_1958.jpg\"><img loading=\"lazy\" decoding=\"async\" class=\" size-medium wp-image-323 aligncenter\" src=\"https:\/\/lisdorf.de\/wp-content\/uploads\/2015\/01\/karneval_1958-300x174.jpg\" alt=\"karneval_1958\" width=\"300\" height=\"174\" srcset=\"https:\/\/lisdorf.de\/wp-content\/uploads\/2015\/01\/karneval_1958-300x174.jpg 300w, https:\/\/lisdorf.de\/wp-content\/uploads\/2015\/01\/karneval_1958-510x295.jpg 510w\" sizes=\"auto, (max-width: 300px) 100vw, 300px\" \/><\/a>\u00a0\u00a0\u00a0\u00a0\u00a0\u00a0 Fastnachtsveranstaltung im Saale<br \/>\nAdolf Breininger 1958<\/p>\n<p style=\"text-align: center;\"><a href=\"https:\/\/lisdorf.de\/wp-content\/uploads\/2015\/01\/big_3592740_0_600-735.jpg\"><img loading=\"lazy\" decoding=\"async\" class=\"alignnone size-medium wp-image-280\" src=\"https:\/\/lisdorf.de\/wp-content\/uploads\/2015\/01\/big_3592740_0_600-735-245x300.jpg\" alt=\"big_3592740_0_600-735\" width=\"245\" height=\"300\" srcset=\"https:\/\/lisdorf.de\/wp-content\/uploads\/2015\/01\/big_3592740_0_600-735-245x300.jpg 245w, https:\/\/lisdorf.de\/wp-content\/uploads\/2015\/01\/big_3592740_0_600-735-300x368.jpg 300w, https:\/\/lisdorf.de\/wp-content\/uploads\/2015\/01\/big_3592740_0_600-735-510x625.jpg 510w, https:\/\/lisdorf.de\/wp-content\/uploads\/2015\/01\/big_3592740_0_600-735.jpg 600w\" sizes=\"auto, (max-width: 245px) 100vw, 245px\" \/><\/a><\/p>\n<p style=\"text-align: center;\">Das \u00e4lteste Bild der Chorgemeinschaft MGV 1859 Lisdorf: Eine Fotomontage aus dem Gr\u00fcndungsjahr 1859, damals unter der Leitung von Hauptlehrer Ritter (in der Bildmitte).<\/p>\n<p style=\"text-align: center;\"><a href=\"https:\/\/lisdorf.de\/wp-content\/uploads\/2015\/01\/Ehemalige-Eeisenbahn-Br\u00fccke-Lisdorf.jpg\"><img loading=\"lazy\" decoding=\"async\" class=\"alignnone size-medium wp-image-529\" src=\"https:\/\/lisdorf.de\/wp-content\/uploads\/2015\/01\/Ehemalige-Eeisenbahn-Br\u00fccke-Lisdorf-300x221.jpg\" alt=\"Ehemalige   Eeisenbahn Br\u00fccke Lisdorf\" width=\"300\" height=\"221\" srcset=\"https:\/\/lisdorf.de\/wp-content\/uploads\/2015\/01\/Ehemalige-Eeisenbahn-Br\u00fccke-Lisdorf-300x221.jpg 300w, https:\/\/lisdorf.de\/wp-content\/uploads\/2015\/01\/Ehemalige-Eeisenbahn-Br\u00fccke-Lisdorf-510x375.jpg 510w, https:\/\/lisdorf.de\/wp-content\/uploads\/2015\/01\/Ehemalige-Eeisenbahn-Br\u00fccke-Lisdorf.jpg 716w\" sizes=\"auto, (max-width: 300px) 100vw, 300px\" \/><\/a><\/p>\n<p style=\"text-align: center;\">Ehemalige Eisenbahn-Br\u00fccke Lisdorf- Ensdorf<\/p>\n<p style=\"text-align: center;\"><a href=\"https:\/\/lisdorf.de\/wp-content\/uploads\/2015\/01\/Bild6.jpg\"><img loading=\"lazy\" decoding=\"async\" class=\"alignnone size-medium wp-image-597\" src=\"https:\/\/lisdorf.de\/wp-content\/uploads\/2015\/01\/Bild6-300x197.jpg\" alt=\"Bild6\" width=\"300\" height=\"197\" srcset=\"https:\/\/lisdorf.de\/wp-content\/uploads\/2015\/01\/Bild6-300x197.jpg 300w, https:\/\/lisdorf.de\/wp-content\/uploads\/2015\/01\/Bild6-510x335.jpg 510w, https:\/\/lisdorf.de\/wp-content\/uploads\/2015\/01\/Bild6.jpg 1040w\" sizes=\"auto, (max-width: 300px) 100vw, 300px\" \/><\/a><\/p>\n<p style=\"text-align: center;\">Hochzeit von Johann Klein *29.10.1887 und Anna Klein *12.11.1893 in Lisdorf 1920<\/p>\n","protected":false},"excerpt":{"rendered":"<p>Auf diesen Seiten k\u00f6nnen Ahnen von verschiedenen Lisdorfer Familien gesucht werden. Wer Interesse hat an dieser Ahnenforschung mit zu arbeiten oder wer noch Daten erg\u00e4nzen m\u00f6chte, kann dies mit Hilfe &hellip; <a href=\"https:\/\/lisdorf.de\/?page_id=213\" class=\"more-link\"><span class=\"screen-reader-text\">Ahnen in Lisdorf<\/span> weiterlesen <span class=\"meta-nav\">&rarr;<\/span><\/a><\/p>\n","protected":false},"author":1,"featured_media":0,"parent":418,"menu_order":1,"comment_status":"closed","ping_status":"open","template":"","meta":{"footnotes":""},"class_list":["post-213","page","type-page","status-publish","hentry"],"jetpack_sharing_enabled":true,"_links":{"self":[{"href":"https:\/\/lisdorf.de\/index.php?rest_route=\/wp\/v2\/pages\/213","targetHints":{"allow":["GET"]}}],"collection":[{"href":"https:\/\/lisdorf.de\/index.php?rest_route=\/wp\/v2\/pages"}],"about":[{"href":"https:\/\/lisdorf.de\/index.php?rest_route=\/wp\/v2\/types\/page"}],"author":[{"embeddable":true,"href":"https:\/\/lisdorf.de\/index.php?rest_route=\/wp\/v2\/users\/1"}],"replies":[{"embeddable":true,"href":"https:\/\/lisdorf.de\/index.php?rest_route=%2Fwp%2Fv2%2Fcomments&post=213"}],"version-history":[{"count":57,"href":"https:\/\/lisdorf.de\/index.php?rest_route=\/wp\/v2\/pages\/213\/revisions"}],"predecessor-version":[{"id":754,"href":"https:\/\/lisdorf.de\/index.php?rest_route=\/wp\/v2\/pages\/213\/revisions\/754"}],"up":[{"embeddable":true,"href":"https:\/\/lisdorf.de\/index.php?rest_route=\/wp\/v2\/pages\/418"}],"wp:attachment":[{"href":"https:\/\/lisdorf.de\/index.php?rest_route=%2Fwp%2Fv2%2Fmedia&parent=213"}],"curies":[{"name":"wp","href":"https:\/\/api.w.org\/{rel}","templated":true}]}}