{"id":2122,"date":"2018-10-03T10:12:23","date_gmt":"2018-10-03T08:12:23","guid":{"rendered":"http:\/\/lisdorf.de\/?page_id=2122"},"modified":"2018-10-03T19:55:00","modified_gmt":"2018-10-03T17:55:00","slug":"2122-2","status":"publish","type":"page","link":"https:\/\/lisdorf.de\/?page_id=2122","title":{"rendered":"Stefanie Welsch &#8211; Ethnologin"},"content":{"rendered":"<p><strong>Wer? Wo? Was? Wie? Warum?<\/strong><\/p>\n<p><em>&#8230;oder: Wie kommt eine Lisdorferin auf die Komoren?<\/em><\/p>\n<p>Mein Studienfach Ethnologie:<\/p>\n<p>Ethnologie, fr\u00fcher V\u00f6lkerkunde genannt, ist die Wissenschaft des kulturell Fremden. Ethnologen erforschen kulturelle Ph\u00e4nomene weltweit. Dadurch verstehen sie nicht nur die erforschte Kultur besser, sondern k\u00f6nnen durch die neue Perspektive auch die eigene Kultur besser verstehen. Wichtig f\u00fcr die ethnologische Forschung ist die Feldforschung, das hei\u00dft ein l\u00e4ngerfristiger Aufenthalt vor Ort zur Erforschung eines bestimmten Ph\u00e4nomens.\u00a0 Mittlerweile gibt es auch Ethnologen, die kulturelle Ph\u00e4nomene der eigenen Kultur erforschen.<\/p>\n<p>W\u00e4hrend meines Studiums der Musikwissenschaft und Englisch in Saarbr\u00fccken, mit dem ich zunehmend unzufrieden war, wollte ich mein Studienfach wechseln. Ich war in meinem Nebenfach Englisch mit Kulturstudien in Ber\u00fchrung gekommen und wollte mehr \u00fcber dieses Themenfeld erfahren. Hinzu kamen meine gro\u00dfe Lust am Reisen und meine Neugier fremde Kulturen kennen zu lernen. So entschied ich mich in Mainz Ethnologie zu studieren und wusste nach kurzer Zeit, dass ich das Studienfach gefunden hatte, das wirklich zu mir passte.<\/p>\n<p>Wie ich zu meinem Thema f\u00fcr die Masterarbeit kam:<\/p>\n<p>Bereits im Bachelor hatte ich mich mit dem Themenkomplex Flucht und Migration besch\u00e4ftigt und wollte im Master daran ankn\u00fcpfen.\u00a0 Ich besprach mich mit einer Professorin des Instituts, die unter anderem auf Migration spezialisiert ist, und entwickelte mit ihr \u00fcber mehrere Wochen mein Thema. Ich besuchte Seminare zum Thema Migration, las dazu passende Literatur, bis sich am Ende ein Thema herauskristallisierte, zu dem ich forschen und meine Masterarbeit schreiben wollte: &#8222;Migration und Immobilisierung an der komorischen EU-Au\u00dfengrenze&#8220;.\u00a0 Ich las mich weiter ein und beschloss mich f\u00fcr ein Stipendium zu bewerben. Nach einigen Wochen Zittern und Hoffen bekam ich die Zusage f\u00fcr das Stipendium und konnte meine Forschung nun dank der finanziellen Unterst\u00fctzung des DAAD (Deutscher akademischer Austauschdienst) unbeschwerter planen.<\/p>\n<p>Warum gerade auf den Komoren:<\/p>\n<p>Die Ethnologie der Universit\u00e4t Mainz ist auf Afrika spezialisiert, so dass ich im Bachelorstudium bereits viel \u00fcber Afrika gelernt hatte.\u00a0 Aufgrund dessen wollte ich meine Masterforschung in einem afrikanischen Land durchf\u00fchren. Die Wahl fiel auf die Komoren, eine Inselgruppe\u00a0in Ostafrika vor der K\u00fcste von Mosambik und n\u00f6rdlich von Madagaskar (siehe Karten). Die Komoren weisen eine Besonderheit auf, die sie f\u00fcr meine Forschung interessant machen: Das Archipel umfasst vier Inseln, von denen drei unabh\u00e4ngig sind und eine Insel, Mayotte, zu Frankreich und seit 2014 zur EU geh\u00f6rt. Die Lebensbedingungen auf den drei umliegenden Inseln sind ungleich schlechter und darum wollen viele Menschen, vor allem von der Insel Anjouan, nach Mayotte migrieren. In der Hauptstadt Anjouans, Mutsamudu, habe ich im M\u00e4rz und April 2018 meine Forschung durchgef\u00fchrt. Die Insel Anjouan ist mit 424km\u00b2 Fl\u00e4che ann\u00e4hernd so gro\u00df wie der Landkreis Saarlouis.<\/p>\n<p><a href=\"https:\/\/lisdorf.de\/wp-content\/uploads\/2018\/10\/Komoren-Afrika.jpg\"><img loading=\"lazy\" decoding=\"async\" class=\"alignnone size-medium wp-image-2129\" src=\"https:\/\/lisdorf.de\/wp-content\/uploads\/2018\/10\/Komoren-Afrika-199x300.jpg\" alt=\"\" width=\"199\" height=\"300\" srcset=\"https:\/\/lisdorf.de\/wp-content\/uploads\/2018\/10\/Komoren-Afrika-199x300.jpg 199w, https:\/\/lisdorf.de\/wp-content\/uploads\/2018\/10\/Komoren-Afrika-300x452.jpg 300w, https:\/\/lisdorf.de\/wp-content\/uploads\/2018\/10\/Komoren-Afrika-510x768.jpg 510w, https:\/\/lisdorf.de\/wp-content\/uploads\/2018\/10\/Komoren-Afrika.jpg 718w\" sizes=\"auto, (max-width: 199px) 100vw, 199px\" \/><\/a><a href=\"https:\/\/lisdorf.de\/wp-content\/uploads\/2018\/10\/Komoren-Zoom.jpg\">\u00a0 \u00a0 \u00a0 <img loading=\"lazy\" decoding=\"async\" class=\"alignnone wp-image-2128\" src=\"https:\/\/lisdorf.de\/wp-content\/uploads\/2018\/10\/Komoren-Zoom-254x300.jpg\" alt=\"\" width=\"239\" height=\"281\" srcset=\"https:\/\/lisdorf.de\/wp-content\/uploads\/2018\/10\/Komoren-Zoom-254x300.jpg 254w, https:\/\/lisdorf.de\/wp-content\/uploads\/2018\/10\/Komoren-Zoom-300x354.jpg 300w, https:\/\/lisdorf.de\/wp-content\/uploads\/2018\/10\/Komoren-Zoom-510x602.jpg 510w, https:\/\/lisdorf.de\/wp-content\/uploads\/2018\/10\/Komoren-Zoom.jpg 720w\" sizes=\"auto, (max-width: 239px) 100vw, 239px\" \/><\/a><\/p>\n<p>(Bilder von Google Maps)<\/p>\n<p>Die Komoren sind politisch instabil und eines der \u00e4rmsten L\u00e4nder der Welt, aber weitestgehend sicher, fand ich auf der Seite des Ausw\u00e4rtigen Amtes heraus. Da die Komoren touristisch kaum erschlossen sind und es sehr wenig Informationen im Internet gibt, war es schwierig die Forschung von Deutschland aus zu planen. Ich hatte nur wenig Anhaltspunkte und musste gezwungenerma\u00dfen vieles vor Ort und spontan organisieren. Mit viel Vorfreude und Neugier, aber auch mit viel Ungewissheit startete ich meine Reise Anfang M\u00e4rz 2018.<\/p>\n<p>Wie mein Start auf den Komoren verlief und wie ich mit den Menschen f\u00fcr meine Forschung in Kontakt getreten bin, berichte ich in K\u00fcrze hier auf lisdorf.de!<\/p>\n","protected":false},"excerpt":{"rendered":"<p>Wer? Wo? Was? Wie? Warum? &#8230;oder: Wie kommt eine Lisdorferin auf die Komoren? Mein Studienfach Ethnologie: Ethnologie, fr\u00fcher V\u00f6lkerkunde genannt, ist die Wissenschaft des kulturell Fremden. Ethnologen erforschen kulturelle Ph\u00e4nomene &hellip; <a href=\"https:\/\/lisdorf.de\/?page_id=2122\" class=\"more-link\"><span class=\"screen-reader-text\">Stefanie Welsch &#8211; Ethnologin<\/span> weiterlesen <span class=\"meta-nav\">&rarr;<\/span><\/a><\/p>\n","protected":false},"author":16,"featured_media":0,"parent":418,"menu_order":0,"comment_status":"closed","ping_status":"closed","template":"","meta":{"footnotes":""},"class_list":["post-2122","page","type-page","status-publish","hentry"],"jetpack_sharing_enabled":true,"_links":{"self":[{"href":"https:\/\/lisdorf.de\/index.php?rest_route=\/wp\/v2\/pages\/2122","targetHints":{"allow":["GET"]}}],"collection":[{"href":"https:\/\/lisdorf.de\/index.php?rest_route=\/wp\/v2\/pages"}],"about":[{"href":"https:\/\/lisdorf.de\/index.php?rest_route=\/wp\/v2\/types\/page"}],"author":[{"embeddable":true,"href":"https:\/\/lisdorf.de\/index.php?rest_route=\/wp\/v2\/users\/16"}],"replies":[{"embeddable":true,"href":"https:\/\/lisdorf.de\/index.php?rest_route=%2Fwp%2Fv2%2Fcomments&post=2122"}],"version-history":[{"count":5,"href":"https:\/\/lisdorf.de\/index.php?rest_route=\/wp\/v2\/pages\/2122\/revisions"}],"predecessor-version":[{"id":2138,"href":"https:\/\/lisdorf.de\/index.php?rest_route=\/wp\/v2\/pages\/2122\/revisions\/2138"}],"up":[{"embeddable":true,"href":"https:\/\/lisdorf.de\/index.php?rest_route=\/wp\/v2\/pages\/418"}],"wp:attachment":[{"href":"https:\/\/lisdorf.de\/index.php?rest_route=%2Fwp%2Fv2%2Fmedia&parent=2122"}],"curies":[{"name":"wp","href":"https:\/\/api.w.org\/{rel}","templated":true}]}}