{"id":2103,"date":"2018-10-02T19:52:48","date_gmt":"2018-10-02T17:52:48","guid":{"rendered":"http:\/\/lisdorf.de\/?page_id=2103"},"modified":"2018-10-03T19:53:43","modified_gmt":"2018-10-03T17:53:43","slug":"werdegang","status":"publish","type":"page","link":"https:\/\/lisdorf.de\/?page_id=2103","title":{"rendered":"Steckbrief"},"content":{"rendered":"<p>\u00dcber mich&#8230;Stefanie Welsch:<\/p>\n<p><a href=\"https:\/\/lisdorf.de\/wp-content\/uploads\/2018\/10\/Profilbild.jpg\"><img loading=\"lazy\" decoding=\"async\" class=\"alignnone size-medium wp-image-2125\" src=\"https:\/\/lisdorf.de\/wp-content\/uploads\/2018\/10\/Profilbild-253x300.jpg\" alt=\"\" width=\"253\" height=\"300\" srcset=\"https:\/\/lisdorf.de\/wp-content\/uploads\/2018\/10\/Profilbild-253x300.jpg 253w, https:\/\/lisdorf.de\/wp-content\/uploads\/2018\/10\/Profilbild-300x355.jpg 300w, https:\/\/lisdorf.de\/wp-content\/uploads\/2018\/10\/Profilbild-768x909.jpg 768w, https:\/\/lisdorf.de\/wp-content\/uploads\/2018\/10\/Profilbild-510x604.jpg 510w, https:\/\/lisdorf.de\/wp-content\/uploads\/2018\/10\/Profilbild.jpg 1000w\" sizes=\"auto, (max-width: 253px) 100vw, 253px\" \/><\/a><\/p>\n<p>Nach meinem Studium der Ethnologie in Mainz wohne ich seit einigen Monaten wieder in Lisdorf und schreibe aktuell an meiner Masterarbeit zum Thema &#8222;Migration und Immobilisierung an der komorischen EU-Au\u00dfengrenze&#8220;. Hierf\u00fcr war ich zwei Monate auf den Komoren und habe dort eine Feldforschung durchgef\u00fchrt.<\/p>\n<p>Was habe ich dort erlebt? Womit genau habe ich mich in meiner Forschung besch\u00e4ftigt? Was machen Ethnologen? Und wo liegen eigentlich die Komoren?\u00a0 Diese und andere Fragen sind Gegenstand meiner Berichte, die ich ab sofort auf lisdorf.de ver\u00f6ffentliche. Mein erster Bericht ist <a href=\"https:\/\/lisdorf.de\/?page_id=2122\">hier<\/a> zu finden.<\/p>\n<p>Ausbildung und Studium:<\/p>\n<p><em>Seit April 2017:\u00a0<\/em> Master-Studium der Ethnologie an der Johannes Gutenberg-Universit\u00e4t Mainz, voraussichtlicher Abschluss: Januar 2019, Schwerpunkt: Migration im afrikanischen Kontext<\/p>\n<p><em>September 2016:\u00a0<\/em> Abschluss des Bachelor-Studiums mit der Abschlussarbeit zum Thema \u201eJunge Gefl\u00fcchtete \u2013 Vorstellungen von Zuhause\u201c<\/p>\n<p><em>2014-2016:<\/em> Bachelor-Studium der Ethnologie (Kernfach) und Linguistik (Beifach) an der Johannes Gutenberg-Universit\u00e4t Mainz<\/p>\n<p><em>2009-2011 und 2013:<\/em> Studium der Musikwissenschaft und Englisch an der Universit\u00e4t des Saarlandes<\/p>\n<p><em>2011-2012:<\/em>\u00a0 Einj\u00e4hriges Auslandsstudium in Australien und Neuseeland<\/p>\n<p><em>1999-2008:<\/em> Robert-Schuman-Gymnasium Saarlouis<\/p>\n<p>&nbsp;<\/p>\n<p>&nbsp;<\/p>\n<p>&nbsp;<\/p>\n","protected":false},"excerpt":{"rendered":"<p>\u00dcber mich&#8230;Stefanie Welsch: Nach meinem Studium der Ethnologie in Mainz wohne ich seit einigen Monaten wieder in Lisdorf und schreibe aktuell an meiner Masterarbeit zum Thema &#8222;Migration und Immobilisierung an &hellip; <a href=\"https:\/\/lisdorf.de\/?page_id=2103\" class=\"more-link\"><span class=\"screen-reader-text\">Steckbrief<\/span> weiterlesen <span class=\"meta-nav\">&rarr;<\/span><\/a><\/p>\n","protected":false},"author":16,"featured_media":0,"parent":2122,"menu_order":0,"comment_status":"closed","ping_status":"closed","template":"","meta":{"footnotes":""},"class_list":["post-2103","page","type-page","status-publish","hentry"],"jetpack_sharing_enabled":true,"_links":{"self":[{"href":"https:\/\/lisdorf.de\/index.php?rest_route=\/wp\/v2\/pages\/2103","targetHints":{"allow":["GET"]}}],"collection":[{"href":"https:\/\/lisdorf.de\/index.php?rest_route=\/wp\/v2\/pages"}],"about":[{"href":"https:\/\/lisdorf.de\/index.php?rest_route=\/wp\/v2\/types\/page"}],"author":[{"embeddable":true,"href":"https:\/\/lisdorf.de\/index.php?rest_route=\/wp\/v2\/users\/16"}],"replies":[{"embeddable":true,"href":"https:\/\/lisdorf.de\/index.php?rest_route=%2Fwp%2Fv2%2Fcomments&post=2103"}],"version-history":[{"count":6,"href":"https:\/\/lisdorf.de\/index.php?rest_route=\/wp\/v2\/pages\/2103\/revisions"}],"predecessor-version":[{"id":2131,"href":"https:\/\/lisdorf.de\/index.php?rest_route=\/wp\/v2\/pages\/2103\/revisions\/2131"}],"up":[{"embeddable":true,"href":"https:\/\/lisdorf.de\/index.php?rest_route=\/wp\/v2\/pages\/2122"}],"wp:attachment":[{"href":"https:\/\/lisdorf.de\/index.php?rest_route=%2Fwp%2Fv2%2Fmedia&parent=2103"}],"curies":[{"name":"wp","href":"https:\/\/api.w.org\/{rel}","templated":true}]}}