{"id":1366,"date":"2016-12-15T21:52:24","date_gmt":"2016-12-15T20:52:24","guid":{"rendered":"http:\/\/lisdorf.de\/?page_id=1366"},"modified":"2025-01-16T17:02:23","modified_gmt":"2025-01-16T16:02:23","slug":"1366-2","status":"publish","type":"page","link":"https:\/\/lisdorf.de\/?page_id=1366","title":{"rendered":"Spielgemeinschaft &#8222;Lyra&#8220; Lisdorf -Picard e.V."},"content":{"rendered":"<p><strong><em>Steckbrief Lisdorfer Vereine (Mitglied bei Lisdorf \u2026 alles im gr\u00fcnen Bereich)<\/em><\/strong><\/p>\n<p><img loading=\"lazy\" decoding=\"async\" class=\"alignnone wp-image-5928 \" src=\"https:\/\/lisdorf.de\/wp-content\/uploads\/2024\/10\/Logo-mit-e.V.jpg\" alt=\"\" width=\"186\" height=\"209\" srcset=\"https:\/\/lisdorf.de\/wp-content\/uploads\/2024\/10\/Logo-mit-e.V.jpg 571w, https:\/\/lisdorf.de\/wp-content\/uploads\/2024\/10\/Logo-mit-e.V-300x336.jpg 300w, https:\/\/lisdorf.de\/wp-content\/uploads\/2024\/10\/Logo-mit-e.V-134x150.jpg 134w\" sizes=\"auto, (max-width: 186px) 100vw, 186px\" \/><\/p>\n<p><strong>Name: Spielgemeinschaft &#8222;Lyra&#8220; Lisdorf &#8211; Picard e.V.<\/strong><strong><br \/>\n<\/strong><\/p>\n<p><img loading=\"lazy\" decoding=\"async\" class=\"alignnone size-medium wp-image-5926\" src=\"https:\/\/lisdorf.de\/wp-content\/uploads\/2024\/10\/DSC06755-1000x667.jpeg\" alt=\"\" width=\"1000\" height=\"667\" srcset=\"https:\/\/lisdorf.de\/wp-content\/uploads\/2024\/10\/DSC06755-1000x667.jpeg 1000w, https:\/\/lisdorf.de\/wp-content\/uploads\/2024\/10\/DSC06755-scaled-300x200.jpeg 300w, https:\/\/lisdorf.de\/wp-content\/uploads\/2024\/10\/DSC06755-1200x800.jpeg 1200w, https:\/\/lisdorf.de\/wp-content\/uploads\/2024\/10\/DSC06755-150x100.jpeg 150w, https:\/\/lisdorf.de\/wp-content\/uploads\/2024\/10\/DSC06755-768x512.jpeg 768w, https:\/\/lisdorf.de\/wp-content\/uploads\/2024\/10\/DSC06755-1536x1024.jpeg 1536w, https:\/\/lisdorf.de\/wp-content\/uploads\/2024\/10\/DSC06755-2048x1366.jpeg 2048w\" sizes=\"auto, (max-width: 1000px) 100vw, 1000px\" \/><em>(Die aktiven Musikerinnen und Musiker der Spielgemeinschaft beim Jahreskonzert 2024)<\/em><\/p>\n<p><strong>Gegr\u00fcndet: <\/strong>19.05.1912\u00a0\u00a0\u00a0 Gr\u00fcndung MV Saarlouis-Picard<\/p>\n<p><strong>Sparte:<\/strong> Musikverein <strong><br \/>\n<\/strong><\/p>\n<p><strong>Veranstaltungen:<\/strong> \u00a0 Jahreskonzert, Familienabend. Neben dem gemeinsamen Musizieren f\u00fchrt der Verein regelm\u00e4\u00dfige Freizeitaktivit\u00e4ten durch. So zum Beispiel Maiwanderungen, Filmabende und die j\u00e4hrliche Vereinsfahrt.<\/p>\n<p><strong>Abteilungen: <\/strong>Sch\u00fclerorchester, Jugendorchester, Gro\u00dfes Orchester<strong><br \/>\n<\/strong><\/p>\n<ol>\n<li><strong>Vorsitzender:\u00a0<\/strong>Georg Harig<\/li>\n<\/ol>\n<blockquote>\n<h5 style=\"text-align: left;\"><strong>Dirigentinnen:\u00a0\u00a0<\/strong><\/h5>\n<ul>\n<li>Yvonne Mi\u00dfler (Gro\u00dfes Orchester)<\/li>\n<li>Katharina Urnau &amp; Nina R\u00f6hlen (Jugendorchester)<\/li>\n<li>Marie Primm (Sch\u00fclerorchester)<\/li>\n<\/ul>\n<\/blockquote>\n<p><strong>Adresse: <\/strong>Spielgemeinschaft \u201eLyra\u201c Lisdorf \u2013 Picard e.V.<\/p>\n<p>Georg Harig<br \/>\nSportplatzstr. <span class=\"diysemanticplaceholder\" data-semantic-data-key=\"streetAddress\/number\">15<\/span><br \/>\n66740 Saarlouis<br \/>\nTelefon: +49 6831 62695<br \/>\nTelefax: +49 6831 69006<br \/>\nE-Mail: info@sg-lisdorf-picard.de<\/p>\n<p><a href=\"http:\/\/www.sg-lisdorf-picard.de\/\">Homepage:\u00a0 http:\/\/www.sg-lisdorf-picard.de\/<\/a><\/p>\n<p><a href=\"https:\/\/lisdorf.de\/wp-content\/uploads\/2020\/04\/Beitrittserkl\u00e4rung-2019.pdf\">Beitrittserkl\u00e4rung 2019<\/a><\/p>\n","protected":false},"excerpt":{"rendered":"<p>Steckbrief Lisdorfer Vereine (Mitglied bei Lisdorf \u2026 alles im gr\u00fcnen Bereich) Name: Spielgemeinschaft &#8222;Lyra&#8220; Lisdorf &#8211; Picard e.V. (Die aktiven Musikerinnen und Musiker der Spielgemeinschaft beim Jahreskonzert 2024) Gegr\u00fcndet: 19.05.1912\u00a0\u00a0\u00a0 &hellip; <a href=\"https:\/\/lisdorf.de\/?page_id=1366\" class=\"more-link\"><span class=\"screen-reader-text\">Spielgemeinschaft &#8222;Lyra&#8220; Lisdorf -Picard e.V.<\/span> weiterlesen <span class=\"meta-nav\">&rarr;<\/span><\/a><\/p>\n","protected":false},"author":18,"featured_media":0,"parent":6007,"menu_order":5,"comment_status":"closed","ping_status":"closed","template":"","meta":{"footnotes":""},"class_list":["post-1366","page","type-page","status-publish","hentry"],"jetpack_sharing_enabled":true,"_links":{"self":[{"href":"https:\/\/lisdorf.de\/index.php?rest_route=\/wp\/v2\/pages\/1366","targetHints":{"allow":["GET"]}}],"collection":[{"href":"https:\/\/lisdorf.de\/index.php?rest_route=\/wp\/v2\/pages"}],"about":[{"href":"https:\/\/lisdorf.de\/index.php?rest_route=\/wp\/v2\/types\/page"}],"author":[{"embeddable":true,"href":"https:\/\/lisdorf.de\/index.php?rest_route=\/wp\/v2\/users\/18"}],"replies":[{"embeddable":true,"href":"https:\/\/lisdorf.de\/index.php?rest_route=%2Fwp%2Fv2%2Fcomments&post=1366"}],"version-history":[{"count":18,"href":"https:\/\/lisdorf.de\/index.php?rest_route=\/wp\/v2\/pages\/1366\/revisions"}],"predecessor-version":[{"id":6010,"href":"https:\/\/lisdorf.de\/index.php?rest_route=\/wp\/v2\/pages\/1366\/revisions\/6010"}],"up":[{"embeddable":true,"href":"https:\/\/lisdorf.de\/index.php?rest_route=\/wp\/v2\/pages\/6007"}],"wp:attachment":[{"href":"https:\/\/lisdorf.de\/index.php?rest_route=%2Fwp%2Fv2%2Fmedia&parent=1366"}],"curies":[{"name":"wp","href":"https:\/\/api.w.org\/{rel}","templated":true}]}}